{"id":91,"date":"2010-12-01T21:37:52","date_gmt":"2010-12-01T21:37:52","guid":{"rendered":"http:\/\/74.52.133.132\/~smperio\/"},"modified":"2011-01-04T01:43:31","modified_gmt":"2011-01-04T01:43:31","slug":"implantologia-bucal","status":"publish","type":"page","link":"http:\/\/healthyteethandgumsinsantamaria.com\/spanish\/implantologia-bucal\/","title":{"rendered":"IMPLANTOLOGIA BUCAL"},"content":{"rendered":"<h3><\/h3>\n<p>\u00bfHa pasado mucho tiempo desde que perdi\u00f3 los dientes?. \u00bf Se ha imaginado como ser\u00eda si pudiera morder y sonre\u00edr con confianza y comodidad, como si volviera a tener sus propios dientes?<\/p>\n<p>Si su respuesta es \u201cSI\u201d, implantes dentales son para usted.\u00a0 Los implantes dentales tienen un pron\u00f3stico de 95 \u2013 98% de \u00e9xito por m\u00e1s de veinte a\u00f1os.<\/p>\n<p>Los implantes son tornillos hechos de titanium o mezcla de titanium y se colocan dentro del hueso.\u00a0 Despu\u00e9s de sanar, los implantes sirven como soportes para las pr\u00f3tesis fijas o removibles.<\/p>\n<p>BENEFICIOS:<\/p>\n<ul>\n<li>Mantener la funci\u00f3n del hueso y la est\u00e9tica;<\/li>\n<li>Los dientes del lado se dejan intactos, y<\/li>\n<li> Restablecer la habilidad de masticar con pr\u00f3tesis que tienen mayor retenci\u00f3n como si tuviera sus propios dientes.<\/li>\n<\/ul>\n","protected":false},"excerpt":{"rendered":"<p>\u00bfHa pasado mucho tiempo desde que perdi\u00f3 los dientes?. \u00bf Se ha imaginado como ser\u00eda si pudiera morder y sonre\u00edr con confianza y comodidad, como si volviera a tener sus propios dientes? Si su respuesta es \u201cSI\u201d, implantes dentales son para usted.\u00a0 Los implantes dentales tienen un pron\u00f3stico de 95 \u2013 98% de \u00e9xito por [&hellip;]<\/p>\n","protected":false},"author":1,"featured_media":0,"parent":0,"menu_order":0,"comment_status":"closed","ping_status":"closed","template":"","meta":{"footnotes":""},"class_list":["post-91","page","type-page","status-publish","hentry"],"_links":{"self":[{"href":"http:\/\/healthyteethandgumsinsantamaria.com\/spanish\/wp-json\/wp\/v2\/pages\/91","targetHints":{"allow":["GET"]}}],"collection":[{"href":"http:\/\/healthyteethandgumsinsantamaria.com\/spanish\/wp-json\/wp\/v2\/pages"}],"about":[{"href":"http:\/\/healthyteethandgumsinsantamaria.com\/spanish\/wp-json\/wp\/v2\/types\/page"}],"author":[{"embeddable":true,"href":"http:\/\/healthyteethandgumsinsantamaria.com\/spanish\/wp-json\/wp\/v2\/users\/1"}],"replies":[{"embeddable":true,"href":"http:\/\/healthyteethandgumsinsantamaria.com\/spanish\/wp-json\/wp\/v2\/comments?post=91"}],"version-history":[{"count":11,"href":"http:\/\/healthyteethandgumsinsantamaria.com\/spanish\/wp-json\/wp\/v2\/pages\/91\/revisions"}],"predecessor-version":[{"id":340,"href":"http:\/\/healthyteethandgumsinsantamaria.com\/spanish\/wp-json\/wp\/v2\/pages\/91\/revisions\/340"}],"wp:attachment":[{"href":"http:\/\/healthyteethandgumsinsantamaria.com\/spanish\/wp-json\/wp\/v2\/media?parent=91"}],"curies":[{"name":"wp","href":"https:\/\/api.w.org\/{rel}","templated":true}]}}