{"id":551,"date":"2012-08-15T16:25:07","date_gmt":"2012-08-15T16:25:07","guid":{"rendered":"http:\/\/healthyteethandgumsinsantamaria.com\/spanish\/"},"modified":"2012-08-15T16:39:45","modified_gmt":"2012-08-15T16:39:45","slug":"frenectomia","status":"publish","type":"page","link":"http:\/\/healthyteethandgumsinsantamaria.com\/spanish\/odontologia-estetica\/frenectomia\/","title":{"rendered":"FRENECTOMIA"},"content":{"rendered":"<p>\u00bfQu\u00e9 es la Frenectom\u00eda?<\/p>\n<p>Un frenillo es una peque\u00f1a membrana de tejido blando que esta pegada a los labios o la lengua y en unos casos limita el movimiento. En algunas situaciones esta peque\u00f1a membrana debe ser alterada quir\u00fargicamente para permitir m\u00e1s movimiento de la lengua (anquiloglosia o anquiloglosia) o en casos de ortodoncia, para evitar que los dientes se muevan despu\u00e9s de que hubiere quitado los frenos.\u00a0 En algunos casos una frenectom\u00eda es necesaria para evitar la recesi\u00f3n de las enc\u00edas y el movimiento que separa los dientes del frente. Este procedimiento quir\u00fargico se conoce como una frenectom\u00eda es r\u00e1pida y sencilla.<\/p>\n","protected":false},"excerpt":{"rendered":"<p>\u00bfQu\u00e9 es la Frenectom\u00eda? Un frenillo es una peque\u00f1a membrana de tejido blando que esta pegada a los labios o la lengua y en unos casos limita el movimiento. En algunas situaciones esta peque\u00f1a membrana debe ser alterada quir\u00fargicamente para permitir m\u00e1s movimiento de la lengua (anquiloglosia o anquiloglosia) o en casos de ortodoncia, para [&hellip;]<\/p>\n","protected":false},"author":8,"featured_media":0,"parent":84,"menu_order":6,"comment_status":"open","ping_status":"open","template":"","meta":{"footnotes":""},"class_list":["post-551","page","type-page","status-publish","hentry"],"_links":{"self":[{"href":"http:\/\/healthyteethandgumsinsantamaria.com\/spanish\/wp-json\/wp\/v2\/pages\/551","targetHints":{"allow":["GET"]}}],"collection":[{"href":"http:\/\/healthyteethandgumsinsantamaria.com\/spanish\/wp-json\/wp\/v2\/pages"}],"about":[{"href":"http:\/\/healthyteethandgumsinsantamaria.com\/spanish\/wp-json\/wp\/v2\/types\/page"}],"author":[{"embeddable":true,"href":"http:\/\/healthyteethandgumsinsantamaria.com\/spanish\/wp-json\/wp\/v2\/users\/8"}],"replies":[{"embeddable":true,"href":"http:\/\/healthyteethandgumsinsantamaria.com\/spanish\/wp-json\/wp\/v2\/comments?post=551"}],"version-history":[{"count":8,"href":"http:\/\/healthyteethandgumsinsantamaria.com\/spanish\/wp-json\/wp\/v2\/pages\/551\/revisions"}],"predecessor-version":[{"id":557,"href":"http:\/\/healthyteethandgumsinsantamaria.com\/spanish\/wp-json\/wp\/v2\/pages\/551\/revisions\/557"}],"up":[{"embeddable":true,"href":"http:\/\/healthyteethandgumsinsantamaria.com\/spanish\/wp-json\/wp\/v2\/pages\/84"}],"wp:attachment":[{"href":"http:\/\/healthyteethandgumsinsantamaria.com\/spanish\/wp-json\/wp\/v2\/media?parent=551"}],"curies":[{"name":"wp","href":"https:\/\/api.w.org\/{rel}","templated":true}]}}