{"id":54,"date":"2010-11-29T22:36:55","date_gmt":"2010-11-29T22:36:55","guid":{"rendered":"http:\/\/74.52.133.132\/~smperio\/?page_id=54"},"modified":"2011-01-03T23:45:05","modified_gmt":"2011-01-03T23:45:05","slug":"injertos-de-tejidos-blandos","status":"publish","type":"page","link":"http:\/\/healthyteethandgumsinsantamaria.com\/spanish\/odontologia-estetica\/injertos-de-tejidos-blandos\/","title":{"rendered":"INJERTOS DE TEJIDOS BLANDOS"},"content":{"rendered":"<p>La recesi\u00f3n de las enc\u00eda expone ra\u00edces dentales e incrementa la sensibilidad.\u00a0 Hay varias condiciones que llevan a la recesi\u00f3n de las enc\u00edas: por herencia o por cepillarse agresivamente.<\/p>\n<p>Con injertos de tejido blandos, la enc\u00eda y dimensiones fisiol\u00f3gicas se pueden reconstruir, reduciendo la sensibilidad.<\/p>\n","protected":false},"excerpt":{"rendered":"<p>La recesi\u00f3n de las enc\u00eda expone ra\u00edces dentales e incrementa la sensibilidad.\u00a0 Hay varias condiciones que llevan a la recesi\u00f3n de las enc\u00edas: por herencia o por cepillarse agresivamente. Con injertos de tejido blandos, la enc\u00eda y dimensiones fisiol\u00f3gicas se pueden reconstruir, reduciendo la sensibilidad.<\/p>\n","protected":false},"author":1,"featured_media":0,"parent":84,"menu_order":3,"comment_status":"closed","ping_status":"closed","template":"","meta":{"footnotes":""},"class_list":["post-54","page","type-page","status-publish","hentry"],"_links":{"self":[{"href":"http:\/\/healthyteethandgumsinsantamaria.com\/spanish\/wp-json\/wp\/v2\/pages\/54","targetHints":{"allow":["GET"]}}],"collection":[{"href":"http:\/\/healthyteethandgumsinsantamaria.com\/spanish\/wp-json\/wp\/v2\/pages"}],"about":[{"href":"http:\/\/healthyteethandgumsinsantamaria.com\/spanish\/wp-json\/wp\/v2\/types\/page"}],"author":[{"embeddable":true,"href":"http:\/\/healthyteethandgumsinsantamaria.com\/spanish\/wp-json\/wp\/v2\/users\/1"}],"replies":[{"embeddable":true,"href":"http:\/\/healthyteethandgumsinsantamaria.com\/spanish\/wp-json\/wp\/v2\/comments?post=54"}],"version-history":[{"count":7,"href":"http:\/\/healthyteethandgumsinsantamaria.com\/spanish\/wp-json\/wp\/v2\/pages\/54\/revisions"}],"predecessor-version":[{"id":290,"href":"http:\/\/healthyteethandgumsinsantamaria.com\/spanish\/wp-json\/wp\/v2\/pages\/54\/revisions\/290"}],"up":[{"embeddable":true,"href":"http:\/\/healthyteethandgumsinsantamaria.com\/spanish\/wp-json\/wp\/v2\/pages\/84"}],"wp:attachment":[{"href":"http:\/\/healthyteethandgumsinsantamaria.com\/spanish\/wp-json\/wp\/v2\/media?parent=54"}],"curies":[{"name":"wp","href":"https:\/\/api.w.org\/{rel}","templated":true}]}}