{"id":51,"date":"2010-11-29T22:28:08","date_gmt":"2010-11-29T22:28:08","guid":{"rendered":"http:\/\/74.52.133.132\/~smperio\/?page_id=51"},"modified":"2010-12-31T23:49:49","modified_gmt":"2010-12-31T23:49:49","slug":"alargamiento-de-la-corona","status":"publish","type":"page","link":"http:\/\/healthyteethandgumsinsantamaria.com\/spanish\/odontologia-estetica\/alargamiento-de-la-corona\/","title":{"rendered":"ALARGAMIENTO DE LA CORONA"},"content":{"rendered":"<p>Una sonrisa con enc\u00edas sobrecrecidas da la apariencia de dientes cortos.\u00a0 Es posible que el resto de su bella sonrisa este bajo la enc\u00eda.\u00a0 Al remodelar y restablecer contornos fisiol\u00f3gicos por medio de tratamientos quir\u00fargicos como el alargamiento de la corona o la gingivectomia, usted podr\u00e1 lucir su hermosa sonrisa.<\/p>\n","protected":false},"excerpt":{"rendered":"<p>Una sonrisa con enc\u00edas sobrecrecidas da la apariencia de dientes cortos.\u00a0 Es posible que el resto de su bella sonrisa este bajo la enc\u00eda.\u00a0 Al remodelar y restablecer contornos fisiol\u00f3gicos por medio de tratamientos quir\u00fargicos como el alargamiento de la corona o la gingivectomia, usted podr\u00e1 lucir su hermosa sonrisa.<\/p>\n","protected":false},"author":1,"featured_media":0,"parent":84,"menu_order":2,"comment_status":"closed","ping_status":"closed","template":"","meta":{"footnotes":""},"class_list":["post-51","page","type-page","status-publish","hentry"],"_links":{"self":[{"href":"http:\/\/healthyteethandgumsinsantamaria.com\/spanish\/wp-json\/wp\/v2\/pages\/51","targetHints":{"allow":["GET"]}}],"collection":[{"href":"http:\/\/healthyteethandgumsinsantamaria.com\/spanish\/wp-json\/wp\/v2\/pages"}],"about":[{"href":"http:\/\/healthyteethandgumsinsantamaria.com\/spanish\/wp-json\/wp\/v2\/types\/page"}],"author":[{"embeddable":true,"href":"http:\/\/healthyteethandgumsinsantamaria.com\/spanish\/wp-json\/wp\/v2\/users\/1"}],"replies":[{"embeddable":true,"href":"http:\/\/healthyteethandgumsinsantamaria.com\/spanish\/wp-json\/wp\/v2\/comments?post=51"}],"version-history":[{"count":8,"href":"http:\/\/healthyteethandgumsinsantamaria.com\/spanish\/wp-json\/wp\/v2\/pages\/51\/revisions"}],"predecessor-version":[{"id":287,"href":"http:\/\/healthyteethandgumsinsantamaria.com\/spanish\/wp-json\/wp\/v2\/pages\/51\/revisions\/287"}],"up":[{"embeddable":true,"href":"http:\/\/healthyteethandgumsinsantamaria.com\/spanish\/wp-json\/wp\/v2\/pages\/84"}],"wp:attachment":[{"href":"http:\/\/healthyteethandgumsinsantamaria.com\/spanish\/wp-json\/wp\/v2\/media?parent=51"}],"curies":[{"name":"wp","href":"https:\/\/api.w.org\/{rel}","templated":true}]}}