{"id":49,"date":"2010-11-29T22:23:16","date_gmt":"2010-11-29T22:23:16","guid":{"rendered":"http:\/\/74.52.133.132\/~smperio\/?page_id=49"},"modified":"2010-12-31T23:52:31","modified_gmt":"2010-12-31T23:52:31","slug":"margen-de-encias-desniveladas","status":"publish","type":"page","link":"http:\/\/healthyteethandgumsinsantamaria.com\/spanish\/odontologia-estetica\/margen-de-encias-desniveladas\/","title":{"rendered":"MARGEN DE ENCIAS DESNIVELADAS"},"content":{"rendered":"<p>Niveles de encia inconsistente alrededor de dientes subyacentes, es el resultado de dientes con diferentes dimensiones, donde unos son cortos y otros largos, desluciendo su sonrisa.<\/p>\n<p>Es posible que el resto de su bella sonrisa este bajo la enc\u00eda.\u00a0 Al remodelar y restablecer contornos fisiol\u00f3gicos por medio de tratamientos quir\u00fargicos como el alargamiento de la corona o la gingivectom\u00eda, usted podr\u00e1 lucir su hermosa sonrisa.<\/p>\n","protected":false},"excerpt":{"rendered":"<p>Niveles de encia inconsistente alrededor de dientes subyacentes, es el resultado de dientes con diferentes dimensiones, donde unos son cortos y otros largos, desluciendo su sonrisa. Es posible que el resto de su bella sonrisa este bajo la enc\u00eda.\u00a0 Al remodelar y restablecer contornos fisiol\u00f3gicos por medio de tratamientos quir\u00fargicos como el alargamiento de la [&hellip;]<\/p>\n","protected":false},"author":1,"featured_media":0,"parent":84,"menu_order":3,"comment_status":"closed","ping_status":"closed","template":"","meta":{"footnotes":""},"class_list":["post-49","page","type-page","status-publish","hentry"],"_links":{"self":[{"href":"http:\/\/healthyteethandgumsinsantamaria.com\/spanish\/wp-json\/wp\/v2\/pages\/49","targetHints":{"allow":["GET"]}}],"collection":[{"href":"http:\/\/healthyteethandgumsinsantamaria.com\/spanish\/wp-json\/wp\/v2\/pages"}],"about":[{"href":"http:\/\/healthyteethandgumsinsantamaria.com\/spanish\/wp-json\/wp\/v2\/types\/page"}],"author":[{"embeddable":true,"href":"http:\/\/healthyteethandgumsinsantamaria.com\/spanish\/wp-json\/wp\/v2\/users\/1"}],"replies":[{"embeddable":true,"href":"http:\/\/healthyteethandgumsinsantamaria.com\/spanish\/wp-json\/wp\/v2\/comments?post=49"}],"version-history":[{"count":10,"href":"http:\/\/healthyteethandgumsinsantamaria.com\/spanish\/wp-json\/wp\/v2\/pages\/49\/revisions"}],"predecessor-version":[{"id":288,"href":"http:\/\/healthyteethandgumsinsantamaria.com\/spanish\/wp-json\/wp\/v2\/pages\/49\/revisions\/288"}],"up":[{"embeddable":true,"href":"http:\/\/healthyteethandgumsinsantamaria.com\/spanish\/wp-json\/wp\/v2\/pages\/84"}],"wp:attachment":[{"href":"http:\/\/healthyteethandgumsinsantamaria.com\/spanish\/wp-json\/wp\/v2\/media?parent=49"}],"curies":[{"name":"wp","href":"https:\/\/api.w.org\/{rel}","templated":true}]}}