{"id":36,"date":"2010-11-29T21:59:32","date_gmt":"2010-11-29T21:59:32","guid":{"rendered":"http:\/\/74.52.133.132\/~smperio\/?page_id=36"},"modified":"2010-12-31T23:38:36","modified_gmt":"2010-12-31T23:38:36","slug":"aumentar-las-dimensiones-del-hueso","status":"publish","type":"page","link":"http:\/\/healthyteethandgumsinsantamaria.com\/spanish\/implantologia-bucal\/aumentar-las-dimensiones-del-hueso\/","title":{"rendered":"RECONSTRUCCION DEL HUESO"},"content":{"rendered":"<h3>RECONSTRUCCION DEL HUESO = AUMENTAR LAS DIMENSIONES DEL HUESO<\/h3>\n<p>Cuando los dientes se han perdido por a\u00f1os, el hueso se disminuye significativamente.\u00a0\u00a0 Por eso, es necesario ampliar la dimensi\u00f3n del hueso, para m\u00e1s luego, colocar implantes y restablecer la habilidad de masticar con pr\u00f3tesis que tienen mayor retenci\u00f3n.<\/p>\n<p>En varios casos se usan simult\u00e1neamente injertos de tejidos blandos y de hueso para restablecer la apariencia natural del hueso y de la enc\u00eda.<\/p>\n<h3>EL SENO MAXILAR E INJERTOS DE HUESO<\/h3>\n<p>Cuando los dientes posteriores se han perdido por muchos a\u00f1os, el injerto de hueso es requerido para regenerar la dimensi\u00f3n del hueso, para m\u00e1s luego, colocar implantes y restablecer la habilidad de masticar con pr\u00f3tesis que tienen mayor retenci\u00f3n.<\/p>\n<h3>PERSERVACION DEL HUESO<\/h3>\n<p>Cuando los dientes se extraen antes de poner implantes, el injerto de hueso se usa para prevenir el encogimiento del hueso y as\u00ed preservar la dimensi\u00f3n del hueso y del tejido blando.\u00a0 Despu\u00e9s de sanar, los implantes se ponen en el hueso solido.<\/p>\n","protected":false},"excerpt":{"rendered":"<p>RECONSTRUCCION DEL HUESO = AUMENTAR LAS DIMENSIONES DEL HUESO Cuando los dientes se han perdido por a\u00f1os, el hueso se disminuye significativamente.\u00a0\u00a0 Por eso, es necesario ampliar la dimensi\u00f3n del hueso, para m\u00e1s luego, colocar implantes y restablecer la habilidad de masticar con pr\u00f3tesis que tienen mayor retenci\u00f3n. En varios casos se usan simult\u00e1neamente injertos [&hellip;]<\/p>\n","protected":false},"author":1,"featured_media":0,"parent":91,"menu_order":1,"comment_status":"closed","ping_status":"closed","template":"","meta":{"footnotes":""},"class_list":["post-36","page","type-page","status-publish","hentry"],"_links":{"self":[{"href":"http:\/\/healthyteethandgumsinsantamaria.com\/spanish\/wp-json\/wp\/v2\/pages\/36","targetHints":{"allow":["GET"]}}],"collection":[{"href":"http:\/\/healthyteethandgumsinsantamaria.com\/spanish\/wp-json\/wp\/v2\/pages"}],"about":[{"href":"http:\/\/healthyteethandgumsinsantamaria.com\/spanish\/wp-json\/wp\/v2\/types\/page"}],"author":[{"embeddable":true,"href":"http:\/\/healthyteethandgumsinsantamaria.com\/spanish\/wp-json\/wp\/v2\/users\/1"}],"replies":[{"embeddable":true,"href":"http:\/\/healthyteethandgumsinsantamaria.com\/spanish\/wp-json\/wp\/v2\/comments?post=36"}],"version-history":[{"count":11,"href":"http:\/\/healthyteethandgumsinsantamaria.com\/spanish\/wp-json\/wp\/v2\/pages\/36\/revisions"}],"predecessor-version":[{"id":40,"href":"http:\/\/healthyteethandgumsinsantamaria.com\/spanish\/wp-json\/wp\/v2\/pages\/36\/revisions\/40"}],"up":[{"embeddable":true,"href":"http:\/\/healthyteethandgumsinsantamaria.com\/spanish\/wp-json\/wp\/v2\/pages\/91"}],"wp:attachment":[{"href":"http:\/\/healthyteethandgumsinsantamaria.com\/spanish\/wp-json\/wp\/v2\/media?parent=36"}],"curies":[{"name":"wp","href":"https:\/\/api.w.org\/{rel}","templated":true}]}}