{"id":33,"date":"2010-11-29T21:54:17","date_gmt":"2010-11-29T21:54:17","guid":{"rendered":"http:\/\/74.52.133.132\/~smperio\/?page_id=33"},"modified":"2012-08-15T16:20:42","modified_gmt":"2012-08-15T16:20:42","slug":"experiencia-del-tratamiento","status":"publish","type":"page","link":"http:\/\/healthyteethandgumsinsantamaria.com\/spanish\/implantologia-bucal\/experiencia-del-tratamiento\/","title":{"rendered":"EXPERIENCIA DEL TRATAMIENTO"},"content":{"rendered":"<p>Durante el tratamiento de implantes dentales el paciente debe asistir a una especialista como la Dra. Silvera, quien ha recibido tres a\u00f1os de entrenamiento adicionales y tiene experiencia adicional de mas de once a\u00f1os para colocar quir\u00fargicamente el implante dental o implantes, y su dentista general que va a fabricar la corona permanente para remplazar el diente perdido. Este es un esfuerzo de equipo entre el paciente, su dentista general y una especialista como la Dra. Silvera.<\/p>\n<p>Tenemos tecnolog\u00eda de radiograf\u00edas digitales con radiaci\u00f3n reducida e im\u00e1genes mejores para garantizar la adecuada colocaci\u00f3n quir\u00fargica de implantes dentales. Tambi\u00e9n ofrecemos alternativas de anestesia y sedaci\u00f3n para la cirug\u00eda, incluyendo sedantes por v\u00edas intravenosas y orales.\u00a0 Estamos orgullosos de ayudar para que nuestros pacientes logren los resultados que desean y supervisar para que nuestros implantes dentales tengan \u00e9xito durante todo el proceso hasta que el tratamiento este completo.<\/p>\n","protected":false},"excerpt":{"rendered":"<p>Durante el tratamiento de implantes dentales el paciente debe asistir a una especialista como la Dra. Silvera, quien ha recibido tres a\u00f1os de entrenamiento adicionales y tiene experiencia adicional de mas de once a\u00f1os para colocar quir\u00fargicamente el implante dental o implantes, y su dentista general que va a fabricar la corona permanente para remplazar [&hellip;]<\/p>\n","protected":false},"author":1,"featured_media":0,"parent":91,"menu_order":3,"comment_status":"closed","ping_status":"closed","template":"","meta":{"footnotes":""},"class_list":["post-33","page","type-page","status-publish","hentry"],"_links":{"self":[{"href":"http:\/\/healthyteethandgumsinsantamaria.com\/spanish\/wp-json\/wp\/v2\/pages\/33","targetHints":{"allow":["GET"]}}],"collection":[{"href":"http:\/\/healthyteethandgumsinsantamaria.com\/spanish\/wp-json\/wp\/v2\/pages"}],"about":[{"href":"http:\/\/healthyteethandgumsinsantamaria.com\/spanish\/wp-json\/wp\/v2\/types\/page"}],"author":[{"embeddable":true,"href":"http:\/\/healthyteethandgumsinsantamaria.com\/spanish\/wp-json\/wp\/v2\/users\/1"}],"replies":[{"embeddable":true,"href":"http:\/\/healthyteethandgumsinsantamaria.com\/spanish\/wp-json\/wp\/v2\/comments?post=33"}],"version-history":[{"count":11,"href":"http:\/\/healthyteethandgumsinsantamaria.com\/spanish\/wp-json\/wp\/v2\/pages\/33\/revisions"}],"predecessor-version":[{"id":37,"href":"http:\/\/healthyteethandgumsinsantamaria.com\/spanish\/wp-json\/wp\/v2\/pages\/33\/revisions\/37"}],"up":[{"embeddable":true,"href":"http:\/\/healthyteethandgumsinsantamaria.com\/spanish\/wp-json\/wp\/v2\/pages\/91"}],"wp:attachment":[{"href":"http:\/\/healthyteethandgumsinsantamaria.com\/spanish\/wp-json\/wp\/v2\/media?parent=33"}],"curies":[{"name":"wp","href":"https:\/\/api.w.org\/{rel}","templated":true}]}}