{"id":30,"date":"2010-11-29T21:35:03","date_gmt":"2010-11-29T21:35:03","guid":{"rendered":"http:\/\/74.52.133.132\/~smperio\/?page_id=30"},"modified":"2010-12-31T23:20:56","modified_gmt":"2010-12-31T23:20:56","slug":"ortodoncia","status":"publish","type":"page","link":"http:\/\/healthyteethandgumsinsantamaria.com\/spanish\/periodoncia\/ortodoncia\/","title":{"rendered":"ORTODONCIA"},"content":{"rendered":"<p>Cuando los dientes no se ven, pero estan bajo la enc\u00eda o el hueso, es necesario exponerlos antes de la ortodoncia.<\/p>\n<p>La enc\u00eda o mucosa, o ambas se separan quir\u00fargicamente de los tejidos subyacentes para lo siguiente:<\/p>\n<ul>\n<li>Permitir la visibilidad del hueso y el diente que no se ve en su boca;<\/li>\n<li>Remodelar el hueso o el tejido blando para exponer el diente; y<\/li>\n<li>Al sanar, usted puede seguir con su tratamiento de ortodoncia.<\/li>\n<\/ul>\n","protected":false},"excerpt":{"rendered":"<p>Cuando los dientes no se ven, pero estan bajo la enc\u00eda o el hueso, es necesario exponerlos antes de la ortodoncia. La enc\u00eda o mucosa, o ambas se separan quir\u00fargicamente de los tejidos subyacentes para lo siguiente: Permitir la visibilidad del hueso y el diente que no se ve en su boca; Remodelar el hueso [&hellip;]<\/p>\n","protected":false},"author":1,"featured_media":0,"parent":87,"menu_order":5,"comment_status":"closed","ping_status":"closed","template":"","meta":{"footnotes":""},"class_list":["post-30","page","type-page","status-publish","hentry"],"_links":{"self":[{"href":"http:\/\/healthyteethandgumsinsantamaria.com\/spanish\/wp-json\/wp\/v2\/pages\/30","targetHints":{"allow":["GET"]}}],"collection":[{"href":"http:\/\/healthyteethandgumsinsantamaria.com\/spanish\/wp-json\/wp\/v2\/pages"}],"about":[{"href":"http:\/\/healthyteethandgumsinsantamaria.com\/spanish\/wp-json\/wp\/v2\/types\/page"}],"author":[{"embeddable":true,"href":"http:\/\/healthyteethandgumsinsantamaria.com\/spanish\/wp-json\/wp\/v2\/users\/1"}],"replies":[{"embeddable":true,"href":"http:\/\/healthyteethandgumsinsantamaria.com\/spanish\/wp-json\/wp\/v2\/comments?post=30"}],"version-history":[{"count":7,"href":"http:\/\/healthyteethandgumsinsantamaria.com\/spanish\/wp-json\/wp\/v2\/pages\/30\/revisions"}],"predecessor-version":[{"id":34,"href":"http:\/\/healthyteethandgumsinsantamaria.com\/spanish\/wp-json\/wp\/v2\/pages\/30\/revisions\/34"}],"up":[{"embeddable":true,"href":"http:\/\/healthyteethandgumsinsantamaria.com\/spanish\/wp-json\/wp\/v2\/pages\/87"}],"wp:attachment":[{"href":"http:\/\/healthyteethandgumsinsantamaria.com\/spanish\/wp-json\/wp\/v2\/media?parent=30"}],"curies":[{"name":"wp","href":"https:\/\/api.w.org\/{rel}","templated":true}]}}