{"id":27,"date":"2010-11-29T21:29:47","date_gmt":"2010-11-29T21:29:47","guid":{"rendered":"http:\/\/74.52.133.132\/~smperio\/?page_id=27"},"modified":"2010-12-31T23:18:03","modified_gmt":"2010-12-31T23:18:03","slug":"alargamiento-funcional-de-la-corona","status":"publish","type":"page","link":"http:\/\/healthyteethandgumsinsantamaria.com\/spanish\/periodoncia\/alargamiento-funcional-de-la-corona\/","title":{"rendered":"ALARGAMIENTO FUNCIONAL DE LA CORONA"},"content":{"rendered":"<p>Para dientes fracturados, cortos o con caries profundas se recomienda el alargamiento de la corona por las siguientes razones:<\/p>\n<ul>\n<li>Las coronas cortas no retienen las restauraciones finales con \u00e9xito;<\/li>\n<li>Las restauraciones con margenes subgingivales o caries, pueden perjudicar los tejidos blandos y duros; especialmente cuando invaden la dimensi\u00f3n biol\u00f3gica que es constituida por el epitelio de uni\u00f3n y el tejido conectivo sobre el hueso; y<\/li>\n<li>Las margenes subgingivales conducen a la gingivitis, y con el tiempo, a la p\u00e9rdida del hueso.<\/li>\n<\/ul>\n<p>La enc\u00eda o mucosa, o ambas se separ\u00e1n quir\u00fargicamente de los tejidos subyacentes para lo siguiente:<\/p>\n<ul>\n<li> Permitir la visibilidad del hueso y las superficies radiculares;<\/li>\n<li> Remodelar el hueso para exponer y alargar la corona cl\u00ednica;<\/li>\n<li> Alargar los dientes adyacentes para preservar contornos fisiol\u00f3gicos (la\u00a0 anatom\u00eda normal) del hueso; y<\/li>\n<li>Despu\u00e9s, su enc\u00eda ser\u00e1 reubicada sobre el hueso, sostenida con suturas (puntos).<\/li>\n<\/ul>\n","protected":false},"excerpt":{"rendered":"<p>Para dientes fracturados, cortos o con caries profundas se recomienda el alargamiento de la corona por las siguientes razones: Las coronas cortas no retienen las restauraciones finales con \u00e9xito; Las restauraciones con margenes subgingivales o caries, pueden perjudicar los tejidos blandos y duros; especialmente cuando invaden la dimensi\u00f3n biol\u00f3gica que es constituida por el epitelio [&hellip;]<\/p>\n","protected":false},"author":1,"featured_media":0,"parent":87,"menu_order":4,"comment_status":"closed","ping_status":"closed","template":"","meta":{"footnotes":""},"class_list":["post-27","page","type-page","status-publish","hentry"],"_links":{"self":[{"href":"http:\/\/healthyteethandgumsinsantamaria.com\/spanish\/wp-json\/wp\/v2\/pages\/27","targetHints":{"allow":["GET"]}}],"collection":[{"href":"http:\/\/healthyteethandgumsinsantamaria.com\/spanish\/wp-json\/wp\/v2\/pages"}],"about":[{"href":"http:\/\/healthyteethandgumsinsantamaria.com\/spanish\/wp-json\/wp\/v2\/types\/page"}],"author":[{"embeddable":true,"href":"http:\/\/healthyteethandgumsinsantamaria.com\/spanish\/wp-json\/wp\/v2\/users\/1"}],"replies":[{"embeddable":true,"href":"http:\/\/healthyteethandgumsinsantamaria.com\/spanish\/wp-json\/wp\/v2\/comments?post=27"}],"version-history":[{"count":8,"href":"http:\/\/healthyteethandgumsinsantamaria.com\/spanish\/wp-json\/wp\/v2\/pages\/27\/revisions"}],"predecessor-version":[{"id":31,"href":"http:\/\/healthyteethandgumsinsantamaria.com\/spanish\/wp-json\/wp\/v2\/pages\/27\/revisions\/31"}],"up":[{"embeddable":true,"href":"http:\/\/healthyteethandgumsinsantamaria.com\/spanish\/wp-json\/wp\/v2\/pages\/87"}],"wp:attachment":[{"href":"http:\/\/healthyteethandgumsinsantamaria.com\/spanish\/wp-json\/wp\/v2\/media?parent=27"}],"curies":[{"name":"wp","href":"https:\/\/api.w.org\/{rel}","templated":true}]}}