{"id":16,"date":"2010-11-29T20:55:55","date_gmt":"2010-11-29T20:55:55","guid":{"rendered":"http:\/\/74.52.133.132\/~smperio\/?page_id=16"},"modified":"2010-12-31T23:02:57","modified_gmt":"2010-12-31T23:02:57","slug":"enfermedad-periodontal","status":"publish","type":"page","link":"http:\/\/healthyteethandgumsinsantamaria.com\/spanish\/periodoncia\/enfermedad-periodontal\/","title":{"rendered":"ENFERMEDAD PERIODONTAL"},"content":{"rendered":"<p>La peridontitis debilita el soporte \u00f3seo de los dientes; la periodontitis, consiste en la formaci\u00f3n progresiva de bolsas en las enc\u00edas, y sin tratamiento, la inflamaci\u00f3n continua. Las bolsas crean \u00e1reas en donde el removimiento de la placa bacteriana es imposible, conduciendo a lo siguiente:<\/p>\n<ul>\n<li>La destrucci\u00f3n de los tejidos periodontales de soporte;<\/li>\n<li>A la movilidad;<\/li>\n<li>A la p\u00e9rdida de los dientes; y<\/li>\n<li>Puede llegar a tener, efectos perjudiciales a su salud.<\/li>\n<\/ul>\n","protected":false},"excerpt":{"rendered":"<p>La peridontitis debilita el soporte \u00f3seo de los dientes; la periodontitis, consiste en la formaci\u00f3n progresiva de bolsas en las enc\u00edas, y sin tratamiento, la inflamaci\u00f3n continua. Las bolsas crean \u00e1reas en donde el removimiento de la placa bacteriana es imposible, conduciendo a lo siguiente: La destrucci\u00f3n de los tejidos periodontales de soporte; A la [&hellip;]<\/p>\n","protected":false},"author":1,"featured_media":0,"parent":87,"menu_order":0,"comment_status":"closed","ping_status":"closed","template":"","meta":{"footnotes":""},"class_list":["post-16","page","type-page","status-publish","hentry"],"_links":{"self":[{"href":"http:\/\/healthyteethandgumsinsantamaria.com\/spanish\/wp-json\/wp\/v2\/pages\/16","targetHints":{"allow":["GET"]}}],"collection":[{"href":"http:\/\/healthyteethandgumsinsantamaria.com\/spanish\/wp-json\/wp\/v2\/pages"}],"about":[{"href":"http:\/\/healthyteethandgumsinsantamaria.com\/spanish\/wp-json\/wp\/v2\/types\/page"}],"author":[{"embeddable":true,"href":"http:\/\/healthyteethandgumsinsantamaria.com\/spanish\/wp-json\/wp\/v2\/users\/1"}],"replies":[{"embeddable":true,"href":"http:\/\/healthyteethandgumsinsantamaria.com\/spanish\/wp-json\/wp\/v2\/comments?post=16"}],"version-history":[{"count":9,"href":"http:\/\/healthyteethandgumsinsantamaria.com\/spanish\/wp-json\/wp\/v2\/pages\/16\/revisions"}],"predecessor-version":[{"id":21,"href":"http:\/\/healthyteethandgumsinsantamaria.com\/spanish\/wp-json\/wp\/v2\/pages\/16\/revisions\/21"}],"up":[{"embeddable":true,"href":"http:\/\/healthyteethandgumsinsantamaria.com\/spanish\/wp-json\/wp\/v2\/pages\/87"}],"wp:attachment":[{"href":"http:\/\/healthyteethandgumsinsantamaria.com\/spanish\/wp-json\/wp\/v2\/media?parent=16"}],"curies":[{"name":"wp","href":"https:\/\/api.w.org\/{rel}","templated":true}]}}